{"id":3194,"date":"2022-08-08T22:49:53","date_gmt":"2022-08-08T20:49:53","guid":{"rendered":"http:\/\/dev.brazilianculture.art\/impressum\/"},"modified":"2024-03-07T19:15:16","modified_gmt":"2024-03-07T18:15:16","slug":"impressum","status":"publish","type":"page","link":"https:\/\/brazilianculture.art\/de\/impressum\/","title":{"rendered":"Impressum"},"content":{"rendered":"<div class=\"fusion-fullwidth fullwidth-box fusion-builder-row-1 fusion-flex-container nonhundred-percent-fullwidth non-hundred-percent-height-scrolling\" style=\"--awb-border-radius-top-left:0px;--awb-border-radius-top-right:0px;--awb-border-radius-bottom-right:0px;--awb-border-radius-bottom-left:0px;--awb-flex-wrap:wrap;\" ><div class=\"fusion-builder-row fusion-row fusion-flex-align-items-flex-start fusion-flex-content-wrap\" style=\"max-width:1331.2px;margin-left: calc(-4% \/ 2 );margin-right: calc(-4% \/ 2 );\"><div class=\"fusion-layout-column fusion_builder_column fusion-builder-column-0 fusion_builder_column_1_1 1_1 fusion-flex-column\" style=\"--awb-bg-size:cover;--awb-width-large:100%;--awb-margin-top-large:20px;--awb-spacing-right-large:1.92%;--awb-margin-bottom-large:20px;--awb-spacing-left-large:1.92%;--awb-width-medium:100%;--awb-order-medium:0;--awb-spacing-right-medium:1.92%;--awb-spacing-left-medium:1.92%;--awb-width-small:100%;--awb-order-small:0;--awb-spacing-right-small:1.92%;--awb-spacing-left-small:1.92%;\"><div class=\"fusion-column-wrapper fusion-column-has-shadow fusion-flex-justify-content-flex-start fusion-content-layout-column\"><div class=\"fusion-text fusion-text-1\" style=\"--awb-text-transform:none;\"><p><strong>Angaben gem\u00e4\u00df TMG:<\/strong><br \/>\nMariana Rom\u00e3o Silva Thater<br \/>\nOsterstra\u00dfe 86-90<br \/>\nD-20259 Hamburg<\/p>\n<p><strong>Kontakt:<\/strong><br \/>\nTelefon: +49 176 69844304<br \/>\nE-Mail: info@brazilianculture.art<\/p>\n<p><strong>Redaktionell verantwortlich:<\/strong><br \/>\nMariana Rom\u00e3o Silva Thater<\/p>\n<p><strong>Haftungshinweis:<\/strong> Trotz sorgf\u00e4ltiger inhaltlicher Kontrolle \u00fcbernehmen wir keine Haftung f\u00fcr die Inhalte externer Links. F\u00fcr den Inhalt der verlinkten Seiten sind ausschlie\u00dflich deren Betreiber verantwortlich. Dieser Webauftritt verwendet Google Analytics.<\/p>\n<\/div><\/div><\/div><\/div><\/div>\n","protected":false},"excerpt":{"rendered":"","protected":false},"author":2,"featured_media":0,"parent":0,"menu_order":0,"comment_status":"closed","ping_status":"closed","template":"","meta":{"footnotes":""},"class_list":["post-3194","page","type-page","status-publish","hentry"],"yoast_head":"<!-- This site is optimized with the Yoast SEO plugin v27.0 - https:\/\/yoast.com\/product\/yoast-seo-wordpress\/ -->\n<title>Impressum - BrazilianCulture.Art<\/title>\n<meta name=\"robots\" content=\"index, follow, max-snippet:-1, max-image-preview:large, max-video-preview:-1\" \/>\n<link rel=\"canonical\" href=\"https:\/\/brazilianculture.art\/de\/impressum\/\" \/>\n<meta property=\"og:locale\" content=\"de_DE\" \/>\n<meta property=\"og:type\" content=\"article\" \/>\n<meta property=\"og:title\" content=\"Impressum - BrazilianCulture.Art\" \/>\n<meta property=\"og:url\" content=\"https:\/\/brazilianculture.art\/de\/impressum\/\" \/>\n<meta property=\"og:site_name\" content=\"BrazilianCulture.Art\" \/>\n<meta property=\"article:publisher\" content=\"https:\/\/www.facebook.com\/profile.php?id=100090895031360\" \/>\n<meta property=\"article:modified_time\" content=\"2024-03-07T18:15:16+00:00\" \/>\n<meta property=\"og:image\" content=\"https:\/\/brazilianculture.art\/wp-content\/uploads\/2022\/08\/rio-de-janeiro-gd07a80f03_1920.jpg\" \/>\n\t<meta property=\"og:image:width\" content=\"1920\" \/>\n\t<meta property=\"og:image:height\" content=\"1280\" \/>\n\t<meta property=\"og:image:type\" content=\"image\/jpeg\" \/>\n<meta name=\"twitter:card\" content=\"summary_large_image\" \/>\n<script type=\"application\/ld+json\" class=\"yoast-schema-graph\">{\"@context\":\"https:\/\/schema.org\",\"@graph\":[{\"@type\":\"WebPage\",\"@id\":\"https:\/\/brazilianculture.art\/de\/impressum\/\",\"url\":\"https:\/\/brazilianculture.art\/de\/impressum\/\",\"name\":\"Impressum - BrazilianCulture.Art\",\"isPartOf\":{\"@id\":\"https:\/\/brazilianculture.art\/de\/#website\"},\"datePublished\":\"2022-08-08T20:49:53+00:00\",\"dateModified\":\"2024-03-07T18:15:16+00:00\",\"breadcrumb\":{\"@id\":\"https:\/\/brazilianculture.art\/de\/impressum\/#breadcrumb\"},\"inLanguage\":\"de\",\"potentialAction\":[{\"@type\":\"ReadAction\",\"target\":[\"https:\/\/brazilianculture.art\/de\/impressum\/\"]}]},{\"@type\":\"BreadcrumbList\",\"@id\":\"https:\/\/brazilianculture.art\/de\/impressum\/#breadcrumb\",\"itemListElement\":[{\"@type\":\"ListItem\",\"position\":1,\"name\":\"Startseite\",\"item\":\"https:\/\/brazilianculture.art\/de\/\"},{\"@type\":\"ListItem\",\"position\":2,\"name\":\"Impressum\"}]},{\"@type\":\"WebSite\",\"@id\":\"https:\/\/brazilianculture.art\/de\/#website\",\"url\":\"https:\/\/brazilianculture.art\/de\/\",\"name\":\"BrazilianCulture.Art\",\"description\":\"Feel the Planet Brazil\",\"publisher\":{\"@id\":\"https:\/\/brazilianculture.art\/de\/#organization\"},\"potentialAction\":[{\"@type\":\"SearchAction\",\"target\":{\"@type\":\"EntryPoint\",\"urlTemplate\":\"https:\/\/brazilianculture.art\/de\/?s={search_term_string}\"},\"query-input\":{\"@type\":\"PropertyValueSpecification\",\"valueRequired\":true,\"valueName\":\"search_term_string\"}}],\"inLanguage\":\"de\"},{\"@type\":\"Organization\",\"@id\":\"https:\/\/brazilianculture.art\/de\/#organization\",\"name\":\"BrazilianCulture.Art\",\"url\":\"https:\/\/brazilianculture.art\/de\/\",\"logo\":{\"@type\":\"ImageObject\",\"inLanguage\":\"de\",\"@id\":\"https:\/\/brazilianculture.art\/de\/#\/schema\/logo\/image\/\",\"url\":\"https:\/\/brazilianculture.art\/wp-content\/uploads\/2023\/04\/Brazilian-culture-.art-2.png\",\"contentUrl\":\"https:\/\/brazilianculture.art\/wp-content\/uploads\/2023\/04\/Brazilian-culture-.art-2.png\",\"width\":1080,\"height\":1080,\"caption\":\"BrazilianCulture.Art\"},\"image\":{\"@id\":\"https:\/\/brazilianculture.art\/de\/#\/schema\/logo\/image\/\"},\"sameAs\":[\"https:\/\/www.facebook.com\/profile.php?id=100090895031360\",\"https:\/\/www.instagram.com\/brazilianculture.art\/\"]}]}<\/script>\n<!-- \/ Yoast SEO plugin. -->","yoast_head_json":{"title":"Impressum - BrazilianCulture.Art","robots":{"index":"index","follow":"follow","max-snippet":"max-snippet:-1","max-image-preview":"max-image-preview:large","max-video-preview":"max-video-preview:-1"},"canonical":"https:\/\/brazilianculture.art\/de\/impressum\/","og_locale":"de_DE","og_type":"article","og_title":"Impressum - BrazilianCulture.Art","og_url":"https:\/\/brazilianculture.art\/de\/impressum\/","og_site_name":"BrazilianCulture.Art","article_publisher":"https:\/\/www.facebook.com\/profile.php?id=100090895031360","article_modified_time":"2024-03-07T18:15:16+00:00","og_image":[{"width":1920,"height":1280,"url":"https:\/\/brazilianculture.art\/wp-content\/uploads\/2022\/08\/rio-de-janeiro-gd07a80f03_1920.jpg","type":"image\/jpeg"}],"twitter_card":"summary_large_image","schema":{"@context":"https:\/\/schema.org","@graph":[{"@type":"WebPage","@id":"https:\/\/brazilianculture.art\/de\/impressum\/","url":"https:\/\/brazilianculture.art\/de\/impressum\/","name":"Impressum - BrazilianCulture.Art","isPartOf":{"@id":"https:\/\/brazilianculture.art\/de\/#website"},"datePublished":"2022-08-08T20:49:53+00:00","dateModified":"2024-03-07T18:15:16+00:00","breadcrumb":{"@id":"https:\/\/brazilianculture.art\/de\/impressum\/#breadcrumb"},"inLanguage":"de","potentialAction":[{"@type":"ReadAction","target":["https:\/\/brazilianculture.art\/de\/impressum\/"]}]},{"@type":"BreadcrumbList","@id":"https:\/\/brazilianculture.art\/de\/impressum\/#breadcrumb","itemListElement":[{"@type":"ListItem","position":1,"name":"Startseite","item":"https:\/\/brazilianculture.art\/de\/"},{"@type":"ListItem","position":2,"name":"Impressum"}]},{"@type":"WebSite","@id":"https:\/\/brazilianculture.art\/de\/#website","url":"https:\/\/brazilianculture.art\/de\/","name":"BrazilianCulture.Art","description":"Feel the Planet Brazil","publisher":{"@id":"https:\/\/brazilianculture.art\/de\/#organization"},"potentialAction":[{"@type":"SearchAction","target":{"@type":"EntryPoint","urlTemplate":"https:\/\/brazilianculture.art\/de\/?s={search_term_string}"},"query-input":{"@type":"PropertyValueSpecification","valueRequired":true,"valueName":"search_term_string"}}],"inLanguage":"de"},{"@type":"Organization","@id":"https:\/\/brazilianculture.art\/de\/#organization","name":"BrazilianCulture.Art","url":"https:\/\/brazilianculture.art\/de\/","logo":{"@type":"ImageObject","inLanguage":"de","@id":"https:\/\/brazilianculture.art\/de\/#\/schema\/logo\/image\/","url":"https:\/\/brazilianculture.art\/wp-content\/uploads\/2023\/04\/Brazilian-culture-.art-2.png","contentUrl":"https:\/\/brazilianculture.art\/wp-content\/uploads\/2023\/04\/Brazilian-culture-.art-2.png","width":1080,"height":1080,"caption":"BrazilianCulture.Art"},"image":{"@id":"https:\/\/brazilianculture.art\/de\/#\/schema\/logo\/image\/"},"sameAs":["https:\/\/www.facebook.com\/profile.php?id=100090895031360","https:\/\/www.instagram.com\/brazilianculture.art\/"]}]}},"_links":{"self":[{"href":"https:\/\/brazilianculture.art\/de\/wp-json\/wp\/v2\/pages\/3194","targetHints":{"allow":["GET"]}}],"collection":[{"href":"https:\/\/brazilianculture.art\/de\/wp-json\/wp\/v2\/pages"}],"about":[{"href":"https:\/\/brazilianculture.art\/de\/wp-json\/wp\/v2\/types\/page"}],"author":[{"embeddable":true,"href":"https:\/\/brazilianculture.art\/de\/wp-json\/wp\/v2\/users\/2"}],"replies":[{"embeddable":true,"href":"https:\/\/brazilianculture.art\/de\/wp-json\/wp\/v2\/comments?post=3194"}],"version-history":[{"count":2,"href":"https:\/\/brazilianculture.art\/de\/wp-json\/wp\/v2\/pages\/3194\/revisions"}],"predecessor-version":[{"id":3200,"href":"https:\/\/brazilianculture.art\/de\/wp-json\/wp\/v2\/pages\/3194\/revisions\/3200"}],"wp:attachment":[{"href":"https:\/\/brazilianculture.art\/de\/wp-json\/wp\/v2\/media?parent=3194"}],"curies":[{"name":"wp","href":"https:\/\/api.w.org\/{rel}","templated":true}]}}